{"id":252,"date":"2006-08-03T16:31:56","date_gmt":"2006-08-03T15:31:56","guid":{"rendered":"http:\/\/www.carballada.com\/quiensoy\/mis-fotos\/"},"modified":"2011-07-11T14:14:36","modified_gmt":"2011-07-11T12:14:36","slug":"mis-fotos","status":"publish","type":"page","link":"https:\/\/www.carballada.com\/wordpress\/quiensoy\/mis-fotos","title":{"rendered":"Mis fotos"},"content":{"rendered":"<div class=\"center\"><wpg2id>4236<\/wpg2id><\/div>\n<h2>Mis fotos<\/h2>\n<p><a href=\"http:\/\/www.flickr.com\/photos\/carballada\/sets\/\" rel=\"carballada flickr\"><img class=\"left\" src=\"http:\/\/www.carballada.com\/wp-content\/uploads\/flickr_logo_gammav1510.gif\" alt=\"carballada flickr\" \/><\/a><\/p>\n<p>Aunque hago una selecci\u00f3n y mis mejores fotos las publico en <a title=\"flickr carballada\" href=\"http:\/\/www.flickr.com\/photos\/carballada\/sets\/\">Flickr<\/a> y puedes verlas <a title=\"Carballada en flickr\" href=\"http:\/\/www.flickr.com\/photos\/carballada\/sets\/\">all\u00ed<\/a>, todas mis fotos las guardo siempre en <strong>Carballada.com<\/strong> en lo que es mi <a title=\"Fotos\" href=\"http:\/\/www.carballada.com\/wpg2\">galeria completa<\/a>, adem\u00e1s casi siempre publico un art\u00edculo sobre ellas.<\/p>\n<p>Todas <em>esas fotos recientes<\/em> est\u00e1n en la galer\u00eda completa de <strong>Carballada.com<\/strong> a la que puedes acceder pinchando en el siguiente bot\u00f3n rojo<\/p>\n<table width=\"300\" border=\"0\" cellspacing=\"0\" cellpadding=\"0\" align=\"center\">\n<tbody>\n<tr>\n<th align=\"center\" valign=\"middle\"><a title=\"galeria completa\" href=\"http:\/\/www.carballada.com\/wpg2\"><img id=\"image828\" src=\"http:\/\/www.carballada.com\/wp-content\/uploads\/galeria-completa.jpg\" alt=\"galer\u00eda completa\" \/><\/a><\/th>\n<\/tr>\n<\/tbody>\n<\/table>\n<p>o escogiendo la opci\u00f3n de <a title=\"Fotos\" href=\"http:\/\/www.carballada.com\/wpg2\">Fotos<\/a> que hay en la parte superior del men\u00fa.<\/p>\n<p><strong>Update Junio 2011<\/strong>: adem\u00e1s de <a title=\"flickr carballada\" href=\"http:\/\/www.flickr.com\/photos\/carballada\/sets\/\">Flickr<\/a>\u00a0y de la\u00a0<a title=\"Fotos\" href=\"http:\/\/www.carballada.com\/wpg2\">galeria completa<\/a>\u00a0tambi\u00e9n empiezo a colgar las fotos tomadas con el <em>tel\u00e9fono m\u00f3vil<\/em> en <a href=\"http:\/\/pics.carballada.com\">pics.carballada.com<\/a><\/p>\n","protected":false},"excerpt":{"rendered":"<p>4236 Mis fotos Aunque hago una selecci\u00f3n y mis mejores fotos las publico en Flickr y puedes verlas all\u00ed, todas mis fotos las guardo siempre en Carballada.com en lo que es mi galeria completa, adem\u00e1s casi siempre publico un art\u00edculo sobre ellas. Todas esas fotos recientes est\u00e1n en la galer\u00eda completa de Carballada.com a la [&hellip;]<\/p>\n","protected":false},"author":6,"featured_media":0,"parent":15,"menu_order":20,"comment_status":"open","ping_status":"open","template":"","meta":[],"_links":{"self":[{"href":"https:\/\/www.carballada.com\/wordpress\/wp-json\/wp\/v2\/pages\/252"}],"collection":[{"href":"https:\/\/www.carballada.com\/wordpress\/wp-json\/wp\/v2\/pages"}],"about":[{"href":"https:\/\/www.carballada.com\/wordpress\/wp-json\/wp\/v2\/types\/page"}],"author":[{"embeddable":true,"href":"https:\/\/www.carballada.com\/wordpress\/wp-json\/wp\/v2\/users\/6"}],"replies":[{"embeddable":true,"href":"https:\/\/www.carballada.com\/wordpress\/wp-json\/wp\/v2\/comments?post=252"}],"version-history":[{"count":2,"href":"https:\/\/www.carballada.com\/wordpress\/wp-json\/wp\/v2\/pages\/252\/revisions"}],"predecessor-version":[{"id":7134,"href":"https:\/\/www.carballada.com\/wordpress\/wp-json\/wp\/v2\/pages\/252\/revisions\/7134"}],"up":[{"embeddable":true,"href":"https:\/\/www.carballada.com\/wordpress\/wp-json\/wp\/v2\/pages\/15"}],"wp:attachment":[{"href":"https:\/\/www.carballada.com\/wordpress\/wp-json\/wp\/v2\/media?parent=252"}],"curies":[{"name":"wp","href":"https:\/\/api.w.org\/{rel}","templated":true}]}}