{"id":28,"date":"2006-05-29T08:15:13","date_gmt":"2006-05-29T06:15:13","guid":{"rendered":"http:\/\/www.carballada.com\/?page_id=28"},"modified":"2009-02-17T14:31:46","modified_gmt":"2009-02-17T13:31:46","slug":"me-identifico-con","status":"publish","type":"page","link":"https:\/\/www.carballada.com\/wordpress\/quiensoy\/me-identifico-con","title":{"rendered":"Me identifico con &#8230;"},"content":{"rendered":"<h1>Una lista incompleta de algunas cosas que me hacen pensar<\/h1>\n<table border=\"0\" cellspacing=\"10\" cellpadding=\"10\">\n<tbody>\n<tr>\n<td align=\"right\"><a title=\"Boinc\" href=\"http:\/\/boinc.berkeley.edu\/\" target=\"_blank\"><img loading=\"lazy\" id=\"image47\" class=\"middle\" src=\"http:\/\/www.carballada.com\/wp-content\/uploads\/logo.boinc.450x150-02.jpg\" alt=\"Boinc\" width=\"183\" height=\"62\" \/> <\/a><\/td>\n<td>Boinc, grid computing, una manera de colaborar en grupo con los recursos que sobran de tu ordenador, primero fu\u00e9 el Seti y ahora esto, existen un monton de proyectos relacionados con la investigaci\u00f3n.<\/td>\n<\/tr>\n<tr>\n<td align=\"right\"><a title=\"Out\" href=\"http:\/\/outcampaign.org\/\"><img loading=\"lazy\" class=\"middle\" title=\"a-100-v3\" src=\"http:\/\/www.carballada.com\/wp-content\/uploads\/a-100-v3.png\" alt=\"a-100-v3\" width=\"100\" height=\"104\" \/><\/a><\/td>\n<td>Out Campaign, una camapa\u00f1a para salir del armario como <a title=\"ateo en wiki\" href=\"http:\/\/es.wikipedia.org\/wiki\/Ateo\">ateo<\/a>.<\/td>\n<\/tr>\n<tr>\n<td align=\"right\"><a title=\"Creative Commons\" href=\"http:\/\/creativecommons.org\/\" target=\"_blank\"><img id=\"CCimage48\" class=\"middle\" src=\"http:\/\/www.carballada.com\/wp-content\/uploads\/logo_trademark.gif\" alt=\"Creative Commons\" \/> <\/a><\/td>\n<td>Creative Commons. La manera de proteger tus creaciones y comunicar tus derechos sobre ellas.<\/td>\n<\/tr>\n<tr>\n<td align=\"right\"><a title=\"Emuleplus\" href=\"http:\/\/emuleplus.info\" target=\"_blank\"><img loading=\"lazy\" id=\"image42\" class=\"middle\" src=\"http:\/\/www.carballada.com\/wp-content\/uploads\/logo_new_blue.png\" alt=\"Emuleplus\" width=\"154\" height=\"88\" \/> <\/a><\/td>\n<td>Emule, p2p, edonkey, sin comentarios. Es la herramienta utilizada para bajar los <a href=\"http:\/\/www.carballada.com\/tag\/elinks\" target=\"_blank\">elinks<\/a>.<\/td>\n<\/tr>\n<tr>\n<td align=\"right\"><a title=\"Todos contra el canon\" href=\"http:\/\/todoscontraelcanon.es\" target=\"_blank\"><img id=\"image27\" title=\"Todos contra el Canon\" src=\"http:\/\/www.carballada.com\/wp-content\/uploads\/2006\/05\/arton49.gif\" alt=\"Todos contra el Canon\" \/> <\/a><\/td>\n<td>Todos contra el canon. <a href=\"http:\/\/www.carballada.com\/tag\/sgae\" target=\"_blank\">Sgae<\/a> y compa\u00f1ia nos toman por tontos. La cultura no es lo que ellos defienden.<\/td>\n<\/tr>\n<tr>\n<td align=\"right\"><a title=\"Open Raw\" href=\"http:\/\/openraw.org\/\" target=\"_blank\"><img loading=\"lazy\" id=\"image46\" title=\"OpenRaw\" src=\"http:\/\/www.carballada.com\/wp-content\/uploads\/openraw_claim_102_white.gif\" alt=\"OpenRaw\" width=\"212\" height=\"58\" \/> <\/a><\/td>\n<td>OpenRaw. Hay que hacer un estandar y normalizar el futuro negativo digital<\/td>\n<\/tr>\n<tr>\n<td align=\"right\"><a title=\"GUARDARRA\u00cdLES ASESINOS!\" href=\"http:\/\/antiguardarrailes.sobreruedas.org\" target=\"_blank\"><img src=\"http:\/\/antiguardarrailes.sobreruedas.org\/anti_guardarrailes\/colabora\/guardarrailes2.gif\" border=\"0\" alt=\"\" \/><\/a><\/td>\n<td>Hay que cambiar los guardacarriles asesinos, si gastaran el dinero que recaudan con las fotos y las multas en cosas para mejorar la seguridad vial, todo ser\u00eda mucho m\u00e1s seguro. En que se gasta el dinero recaudado?<\/td>\n<\/tr>\n<tr>\n<td align=\"right\"><a title=\"Last fm\" href=\"http:\/\/last.fm\" target=\"_blank\"><img id=\"image599\" src=\"http:\/\/www.carballada.com\/wp-content\/uploads\/badge_red_rev.gif\" alt=\"Last.fm\" \/><br \/>\n<\/a><\/td>\n<td>Last.fm la revolucion social musical en la red, una manera de compartir tus gustos y conocer m\u00fasica nueva.<\/td>\n<\/tr>\n<tr>\n<td align=\"right\"><a href=\"http:\/\/culturalibre.org\/\" target=\"_blank\"><img id=\"image131\" src=\"http:\/\/www.carballada.com\/wp-content\/uploads\/manifiesto.gif\" alt=\"manifiesto.gif\" \/><\/a><\/td>\n<td>Culturalibre.org qu\u00e9 es eso de la cultura? es de alguien? cuanto cuesta? se puede pensar que tiene que ser algo diferente a como nos lo presentan los intereses econ\u00f3micos?.<\/td>\n<\/tr>\n<tr>\n<td align=\"right\"><a href=\"http:\/\/www.ubuntu.com\/\" target=\"_blank\"><img loading=\"lazy\" id=\"image132\" src=\"http:\/\/www.carballada.com\/wp-content\/uploads\/UbuntuLozengeLogo.png\" alt=\"Ubuntu\" width=\"153\" height=\"46\" \/><\/a><\/td>\n<td>Ubuntu.com una distribucion linux basada en Debian que es facil de instalar y utilizar. Nace de una iniciativa privada y tiene todos los ingredientes para funcionar bien durante tiempo, ya se ver\u00e1.<\/td>\n<\/tr>\n<tr>\n<td align=\"right\"><a href=\"http:\/\/www.fundacioncopyleft.org\"><img loading=\"lazy\" title=\"Fundaci\u00f3n Copyleft\" src=\"http:\/\/fundacioncopyleft.org\/imgs\/fundacion-copyleft-01b.gif\" border=\"0\" alt=\"Fundaci\u00f3n Copyleft\" width=\"191\" height=\"35\" \/><\/a><\/td>\n<td>Una manera alternativa de proteger los derechos sobre las obras creadas, la manera de gestionar los izquierdos sobre la obra.<\/td>\n<\/tr>\n<tr>\n<td align=\"right\"><a href=\"http:\/\/venganza.org\"><img title=\"FSM\" src=\"http:\/\/www.carballada.com\/wp-content\/uploads\/fsm.miniatura.gif\" border=\"0\" alt=\"FSM\" \/><\/a><\/td>\n<td><a href=\"http:\/\/www.carballada.com\/archives\/435\" target=\"_blank\">Pastafarismo<\/a>. Mi nueva religi\u00f3n.<\/td>\n<\/tr>\n<tr>\n<td align=\"right\"><a title=\"ubh\" href=\"http:\/\/www.uniondebloggershispanos.com\/\" target=\"_blank\"><img id=\"image495\" src=\"http:\/\/www.carballada.com\/wp-content\/uploads\/ubhsz0.gif\" alt=\"ubh\" \/><\/a><\/td>\n<td>Una manera de promocionar los blogs en castellano<\/td>\n<\/tr>\n<tr>\n<td align=\"right\"><a class=\"imagelink\" title=\"Subida del euribor\" href=\"http:\/\/www.carballada.com\/wp-content\/uploads\/euribor.jpg\"><img id=\"image590\" src=\"http:\/\/www.carballada.com\/wp-content\/uploads\/euribor.miniatura.jpg\" alt=\"Subida del euribor\" \/><\/a><\/td>\n<td>Como nos veremos todos los que tenemos hipotecas&#8230;<\/td>\n<\/tr>\n<tr>\n<td align=\"right\"><a title=\"Anti DRM\" href=\"http:\/\/defectivebydesign.org\" target=\"_blank\"><img id=\"image598\" src=\"http:\/\/www.carballada.com\/wp-content\/uploads\/dbd_eliminate_trim.miniatura.jpg\" alt=\"DRM\" \/><\/a><\/td>\n<td>Para proteger la libertad y para no perder nuestros derechos con inventos de las multinacionales.<\/td>\n<\/tr>\n<tr>\n<td align=\"right\"><a href=\"http:\/\/www.ciberpunk.info\/no-a-la-traza-privada\" target=\"_blank\"><img id=\"image648\" src=\"http:\/\/www.carballada.com\/wp-content\/uploads\/banner_traza_160x40.png\" alt=\"No a la traza\" \/><\/a><\/td>\n<td>Otro atropello a la libertad, sabes que podemos ser investigados sin que lo diga un juez? <a href=\"http:\/\/www.ciberpunk.info\/no-a-la-traza-privada\">inf\u00f3rmate<\/a>.<\/td>\n<\/tr>\n<tr>\n<td align=\"right\"><a href=\"http:\/\/nosoypirata.com\" target=\"_blank\"><img id=\"image711\" src=\"http:\/\/www.carballada.com\/wp-content\/uploads\/nosoypirata.miniatura.png\" alt=\"No soy pirata\" \/><\/a><\/td>\n<td>Otra plataforma para informar sobre el tema de la pirater\u00eda y como nos machacan.Nosoypirata.com es una plataforma alternativa y sin \u00e1nimo de lucro que trata, desde la legalidad, desmitificar la pirater\u00eda en la red. As\u00ed mismo pretende dar a conocer nuestros derechos y obligaciones como internautas y ciudadanos, de una manera amena y cercana.<\/td>\n<\/tr>\n<tr>\n<td align=\"right\"><a title=\"Banc de sang y teixits\" rel=\"attachment wp-att-2020\" href=\"http:\/\/www.carballada.com\/quiensoy\/me-identifico-con\/banc-de-sang-y-teixits\"><img class=\"right\" src=\"http:\/\/www.carballada.com\/wp-content\/uploads\/banc-de-sang-i-teixits.jpg\" alt=\"Banc de sang y teixits\" \/><\/a><\/td>\n<td>Hay que donar sangre, y no una, muchas veces. P\u00e1sate por <a title=\"banc de sang i teixits\" href=\"http:\/\/www.bancsang.net\">bancsang.net<\/a><\/td>\n<\/tr>\n<tr>\n<td align=\"right\"><a title=\"Flickr\" rel=\"attachment wp-att-2021\" href=\"http:\/\/www.carballada.com\/quiensoy\/me-identifico-con\/flickr\"><img class=\"right\" src=\"http:\/\/www.carballada.com\/wp-content\/uploads\/flickr_logo_gammav1510.gif\" alt=\"Flickr\" \/><\/a><\/td>\n<td>Un mega centro para publicar, compartir, criticar y encontrar fotos de todo el mundo.<\/td>\n<\/tr>\n<\/tbody>\n<\/table>\n","protected":false},"excerpt":{"rendered":"<p>Una lista incompleta de algunas cosas que me hacen pensar Boinc, grid computing, una manera de colaborar en grupo con los recursos que sobran de tu ordenador, primero fu\u00e9 el Seti y ahora esto, existen un monton de proyectos relacionados con la investigaci\u00f3n. Out Campaign, una camapa\u00f1a para salir del armario como ateo. Creative Commons. [&hellip;]<\/p>\n","protected":false},"author":6,"featured_media":0,"parent":15,"menu_order":30,"comment_status":"open","ping_status":"open","template":"","meta":[],"_links":{"self":[{"href":"https:\/\/www.carballada.com\/wordpress\/wp-json\/wp\/v2\/pages\/28"}],"collection":[{"href":"https:\/\/www.carballada.com\/wordpress\/wp-json\/wp\/v2\/pages"}],"about":[{"href":"https:\/\/www.carballada.com\/wordpress\/wp-json\/wp\/v2\/types\/page"}],"author":[{"embeddable":true,"href":"https:\/\/www.carballada.com\/wordpress\/wp-json\/wp\/v2\/users\/6"}],"replies":[{"embeddable":true,"href":"https:\/\/www.carballada.com\/wordpress\/wp-json\/wp\/v2\/comments?post=28"}],"version-history":[{"count":1,"href":"https:\/\/www.carballada.com\/wordpress\/wp-json\/wp\/v2\/pages\/28\/revisions"}],"predecessor-version":[{"id":5751,"href":"https:\/\/www.carballada.com\/wordpress\/wp-json\/wp\/v2\/pages\/28\/revisions\/5751"}],"up":[{"embeddable":true,"href":"https:\/\/www.carballada.com\/wordpress\/wp-json\/wp\/v2\/pages\/15"}],"wp:attachment":[{"href":"https:\/\/www.carballada.com\/wordpress\/wp-json\/wp\/v2\/media?parent=28"}],"curies":[{"name":"wp","href":"https:\/\/api.w.org\/{rel}","templated":true}]}}