{"id":7699,"date":"2011-11-24T00:16:33","date_gmt":"2011-11-23T22:16:33","guid":{"rendered":"http:\/\/www.carballada.com\/?page_id=7699"},"modified":"2012-11-07T12:24:37","modified_gmt":"2012-11-07T10:24:37","slug":"%c2%bfpor-donde-ando","status":"publish","type":"page","link":"https:\/\/www.carballada.com\/wordpress\/quiensoy\/%c2%bfpor-donde-ando","title":{"rendered":"\u00bfpor d\u00f3nde ando?"},"content":{"rendered":"<div class=\"single-metahead\"><span class=\"single-title\">\u00bfpor d\u00f3nde ando?<\/span><\/div>\n<p><em>Gracias<\/em> a <a href=\"www.google.com\/latitude\">Google Latitude<\/a> puedo guardar los <strong>viajes<\/strong> que hago y los <strong>kil\u00f3metros<\/strong> que me estoy\u00a0metiendo\u00a0encima.<\/p>\n<p>De esta manera puedo poner la <strong>etiqueta con el icono azul<\/strong> que hay en la parte<em> superior izquierda<\/em>\u00a0del blog diciendo donde estoy.<\/p>\n<p>Adem\u00e1s puedo publicar un <strong>mapa<\/strong> con las \u00faltimas ubicaciones por donde voy pasando y encima se puede saber donde estoy ahora mismo en<strong> tiempo real<\/strong>.<\/p>\n<p>Es un\u00a0mapa\u00a0t\u00edpico de <em>Google<\/em>, con su <em>zoom<\/em> y su\u00a0<em>desplazamiento<\/em>, es posible navegar con el rat\u00f3n y cambiar el tipo de mapa tambi\u00e9n.<\/p>\n<p>Aunque la visualizaci\u00f3n la he limitado a nivel <strong>ciudad<\/strong> en la que estoy (por evidentes motivos), los datos se recogen a nivel de coordenadas <strong>GPS<\/strong>.<\/p>\n<p>Todo \u00e9sto <strong>no<\/strong> es algo nuevo, hace tiempo que lo tengo en funcionamineto, quiz\u00e1s ahora tenga sentido publicarlo pensando en <a href=\"http:\/\/www.carballada.com\/2011\/11\/expatriado-a-munich\">mi futuro m\u00e1s inmediato<\/a>.<\/p>\n<p>[glatitude-map height=\u00bb500&#8243; width=\u00bb480&#8243; maptype=\u00bbROADMAP\u00bb openwindow=\u00bbfalse\u00bb openoverview=\u00bbtrue\u00bb pathcolor=\u00bb#6E6E6E\u00bb\u00a0zoomstyle=\u00bbSMALL\u00bb \u00a0max=2000\u00a0 \/]<\/p>\n<p><strong>Munich<\/strong><br \/>\n<span style=\"display: block !important; width: 320px; text-align: center; font-family: sans-serif; font-size: 12px;\"><a title=\"M\u00fanich, Alemania Weather Forecast\" href=\"http:\/\/www.wunderground.com\/cgi-bin\/findweather\/getForecast?query=zmw:00000.1.10866&amp;bannertypeclick=wu_clean2day\" target=\"_blank\"><img src=\"http:\/\/weathersticker.wunderground.com\/weathersticker\/cgi-bin\/banner\/ban\/wxBanner?bannertype=wu_clean2day_metric_cond&amp;airportcode=EDDM&amp;ForcedCity=M\u00fanich&amp;ForcedState=Alemania&amp;wmo=10866&amp;language=SP\" alt=\"Find more about Weather in M\u00fanich, DL\" width=\"300\" \/><\/a><\/span><\/p>\n<p><strong>Barcelona<\/strong><br \/>\n<span style=\"display: block !important; width: 320px; text-align: center; font-family: sans-serif; font-size: 12px;\"><a title=\"Barcelona, Espa\u00f1a Weather Forecast\" href=\"http:\/\/www.wunderground.com\/cgi-bin\/findweather\/getForecast?query=zmw:00000.1.08181&amp;bannertypeclick=wu_clean2day\" target=\"_blank\"><img src=\"http:\/\/weathersticker.wunderground.com\/weathersticker\/cgi-bin\/banner\/ban\/wxBanner?bannertype=wu_clean2day_metric_cond&amp;airportcode=LEBL&amp;ForcedCity=Barcelona&amp;ForcedState=Espa\u00f1a&amp;wmo=08181&amp;language=SP\" alt=\"Find more about Weather in Barcelona, SP\" width=\"300\" \/><\/a><\/span><\/p>\n<p>Y para los que me preguntan por la diferencia de temperatura entre <strong>Barcelona<\/strong> y <strong>Munich<\/strong> os dejo un par de gr\u00e1ficas mostrando las temperaturas medias m\u00e1ximas y m\u00ednimas de las dos ciudades durante todo el a\u00f1o.<\/p>\n<p><a href=\"http:\/\/www.carballada.com\/wp-content\/uploads\/maximas-munich-y-barcelona.jpg\"><img loading=\"lazy\" class=\"size-medium wp-image-8108 aligncenter\" title=\"maximas munich y barcelona\" src=\"http:\/\/www.carballada.com\/wp-content\/uploads\/maximas-munich-y-barcelona-300x199.jpg\" alt=\"\" width=\"300\" height=\"199\" srcset=\"https:\/\/www.carballada.com\/wordpress\/wp-content\/uploads\/maximas-munich-y-barcelona-300x199.jpg 300w, https:\/\/www.carballada.com\/wordpress\/wp-content\/uploads\/maximas-munich-y-barcelona-128x84.jpg 128w, https:\/\/www.carballada.com\/wordpress\/wp-content\/uploads\/maximas-munich-y-barcelona.jpg 428w\" sizes=\"(max-width: 300px) 100vw, 300px\" \/><\/a><br \/>\n<a href=\"http:\/\/www.carballada.com\/wp-content\/uploads\/minimas-munich-y-barcelona.jpg\"><img loading=\"lazy\" class=\"size-medium wp-image-8109  aligncenter\" title=\"minimas munich y barcelona\" src=\"http:\/\/www.carballada.com\/wp-content\/uploads\/minimas-munich-y-barcelona-300x203.jpg\" alt=\"\" width=\"300\" height=\"203\" srcset=\"https:\/\/www.carballada.com\/wordpress\/wp-content\/uploads\/minimas-munich-y-barcelona-300x203.jpg 300w, https:\/\/www.carballada.com\/wordpress\/wp-content\/uploads\/minimas-munich-y-barcelona-128x87.jpg 128w, https:\/\/www.carballada.com\/wordpress\/wp-content\/uploads\/minimas-munich-y-barcelona.jpg 428w\" sizes=\"(max-width: 300px) 100vw, 300px\" \/><\/a><\/p>\n<p>mola eh! eso es un poquito m\u00e1s de fresco todo el a\u00f1o \ud83d\ude00<\/p>\n<p>En\u00a0promedio:<\/p>\n<ul>\n<li>Julio es el\u00a0mes m\u00e1s c\u00e1lido en Munich y en Barcelona.<\/li>\n<li>Enero es\u00a0el mes m\u00e1s fr\u00edo\u00a0en Munich y en Barcelona.<\/li>\n<li>Junio es\u00a0el mes m\u00e1s lluvioso\u00a0en Munich.<\/li>\n<li>Febrero es\u00a0el mes m\u00e1s seco\u00a0en Munich.<\/li>\n<\/ul>\n","protected":false},"excerpt":{"rendered":"<p>\u00bfpor d\u00f3nde ando? Gracias a Google Latitude puedo guardar los viajes que hago y los kil\u00f3metros que me estoy\u00a0metiendo\u00a0encima. De esta manera puedo poner la etiqueta con el icono azul que hay en la parte superior izquierda\u00a0del blog diciendo donde estoy. Adem\u00e1s puedo publicar un mapa con las \u00faltimas ubicaciones por donde voy pasando y [&hellip;]<\/p>\n","protected":false},"author":6,"featured_media":0,"parent":15,"menu_order":0,"comment_status":"open","ping_status":"open","template":"","meta":[],"_links":{"self":[{"href":"https:\/\/www.carballada.com\/wordpress\/wp-json\/wp\/v2\/pages\/7699"}],"collection":[{"href":"https:\/\/www.carballada.com\/wordpress\/wp-json\/wp\/v2\/pages"}],"about":[{"href":"https:\/\/www.carballada.com\/wordpress\/wp-json\/wp\/v2\/types\/page"}],"author":[{"embeddable":true,"href":"https:\/\/www.carballada.com\/wordpress\/wp-json\/wp\/v2\/users\/6"}],"replies":[{"embeddable":true,"href":"https:\/\/www.carballada.com\/wordpress\/wp-json\/wp\/v2\/comments?post=7699"}],"version-history":[{"count":52,"href":"https:\/\/www.carballada.com\/wordpress\/wp-json\/wp\/v2\/pages\/7699\/revisions"}],"predecessor-version":[{"id":7809,"href":"https:\/\/www.carballada.com\/wordpress\/wp-json\/wp\/v2\/pages\/7699\/revisions\/7809"}],"up":[{"embeddable":true,"href":"https:\/\/www.carballada.com\/wordpress\/wp-json\/wp\/v2\/pages\/15"}],"wp:attachment":[{"href":"https:\/\/www.carballada.com\/wordpress\/wp-json\/wp\/v2\/media?parent=7699"}],"curies":[{"name":"wp","href":"https:\/\/api.w.org\/{rel}","templated":true}]}}